{"id":50,"date":"2024-05-14T09:16:57","date_gmt":"2024-05-14T07:16:57","guid":{"rendered":"http:\/\/www.vanessaguillou.fr\/index.php\/home\/"},"modified":"2024-09-02T16:27:41","modified_gmt":"2024-09-02T14:27:41","slug":"home","status":"publish","type":"page","link":"https:\/\/www.vanessaguillou.fr\/","title":{"rendered":"Accueil"},"content":{"rendered":"\n<div class=\"wp-block-group\"><div class=\"wp-block-group__inner-container is-layout-constrained wp-block-group-is-layout-constrained\">\n<h1 class=\"wp-block-heading has-white-color has-text-color has-link-color wp-elements-59b8d0eb6342d6a55fac4bd833f503dc\"><\/h1>\n<\/div><\/div>\n\n\n\n<div class=\"wp-block-group has-background has-small-font-size is-vertical is-layout-flex wp-container-core-group-is-layout-8cf370e7 wp-block-group-is-layout-flex\" style=\"background-color:#13425a\">\n<h2 class=\"wp-block-heading has-white-color has-text-color has-background has-link-color wp-elements-371edb7912d025409b7b0573ce5d3ee5\" style=\"background-color:#13425a\">Di\u00e9t\u00e9ticienne depuis 1999<\/h2>\n\n\n\n<h3 class=\"wp-block-heading has-background\" style=\"background-color:#13425a\">Tout au long de ma carri\u00e8re, j&rsquo;ai acquis une exp\u00e9rience diversifi\u00e9e en travaillant avec des patients aux profils vari\u00e9s dans divers environnements : centre climatique sp\u00e9cialis\u00e9 dans l&rsquo;ob\u00e9sit\u00e9 infantile, comit\u00e9 d\u00e9partemental d&rsquo;\u00e9ducation pour la sant\u00e9, centre m\u00e9dico-sportif, centre cardio-vasculaire, h\u00f4pitaux, EHPAD, cliniques SSR et centre de r\u00e9\u00e9ducation fonctionnelle. Exercer en lib\u00e9ral me permet aujourd&rsquo;hui de partager mon expertise, d&rsquo;accompagner les patients tout au long de leur parcours de sant\u00e9 et de les encourager, plut\u00f4t que de me limiter \u00e0 un bilan di\u00e9t\u00e9tique et des conseils de sortie sans suivi \u00e0 leur retour d&rsquo;hospitalisation.<\/h3>\n\n\n\n<p class=\"has-white-color has-text-color has-background has-link-color wp-elements-a2df0b1720e0fc471fadbe3bdda05ef8\" style=\"background-color:#13425a\"><a href=\"https:\/\/www.vanessaguillou.fr\/index.php\/qui-suis-je\/\" data-type=\"page\" data-id=\"38\">Lire la suite<\/a><\/p>\n<\/div>\n\n\n\n<hr class=\"wp-block-separator has-alpha-channel-opacity\"\/>\n\n\n\n<div class=\"wp-block-media-text is-stacked-on-mobile\"><figure class=\"wp-block-media-text__media\"><img fetchpriority=\"high\" decoding=\"async\" width=\"746\" height=\"746\" src=\"https:\/\/www.vanessaguillou.fr\/wp-content\/uploads\/2024\/08\/Equipe-1.jpg\" alt=\"\" class=\"wp-image-351 size-full\" srcset=\"https:\/\/www.vanessaguillou.fr\/wp-content\/uploads\/2024\/08\/Equipe-1.jpg 746w, https:\/\/www.vanessaguillou.fr\/wp-content\/uploads\/2024\/08\/Equipe-1-300x300.jpg 300w, https:\/\/www.vanessaguillou.fr\/wp-content\/uploads\/2024\/08\/Equipe-1-150x150.jpg 150w, https:\/\/www.vanessaguillou.fr\/wp-content\/uploads\/2024\/08\/Equipe-1-600x600.jpg 600w\" sizes=\"(max-width: 746px) 100vw, 746px\" \/><\/figure><div class=\"wp-block-media-text__content\">\n<h2 class=\"wp-block-heading\"><strong>Une approche centr\u00e9e sur vos besoins individuels<\/strong><\/h2>\n\n\n\n<p>Mon approche est centr\u00e9e sur vos besoins uniques. Je travaille en \u00e9troite collaboration avec vous, en formant une v\u00e9ritable \u00e9quipe, pour encourager et faciliter les changements de vos habitudes alimentaires. Ensemble, nous identifierons les meilleures strat\u00e9gies pour atteindre vos objectifs de sant\u00e9.<\/p>\n\n\n\n<blockquote class=\"wp-block-quote is-layout-flow wp-block-quote-is-layout-flow\">\n<p>\u00ab La folie, c&rsquo;est de faire toujours la m\u00eame chose et de s&rsquo;attendre \u00e0 un r\u00e9sultat diff\u00e9rent \u00bb<\/p>\n<cite>Albert Einstein<\/cite><\/blockquote>\n\n\n\n<p>Mon objectif est de vous aider \u00e0 adapter votre alimentation en fonction des diff\u00e9rentes \u00e9tapes de la vie ou en cas de pathologies sp\u00e9cifiques, afin que vous puissiez trouver un \u00e9quilibre qui vous convient.<\/p>\n<\/div><\/div>\n\n\n\n<div class=\"wp-block-media-text is-stacked-on-mobile\"><figure class=\"wp-block-media-text__media\"><img decoding=\"async\" width=\"768\" height=\"768\" src=\"https:\/\/www.vanessaguillou.fr\/wp-content\/uploads\/2024\/08\/Repas_web.jpg\" alt=\"\" class=\"wp-image-353 size-full\" srcset=\"https:\/\/www.vanessaguillou.fr\/wp-content\/uploads\/2024\/08\/Repas_web.jpg 768w, https:\/\/www.vanessaguillou.fr\/wp-content\/uploads\/2024\/08\/Repas_web-300x300.jpg 300w, https:\/\/www.vanessaguillou.fr\/wp-content\/uploads\/2024\/08\/Repas_web-150x150.jpg 150w, https:\/\/www.vanessaguillou.fr\/wp-content\/uploads\/2024\/08\/Repas_web-600x600.jpg 600w\" sizes=\"(max-width: 768px) 100vw, 768px\" \/><\/figure><div class=\"wp-block-media-text__content\">\n<h2 class=\"wp-block-heading\"><strong>Allier le plaisir de manger \u00e0 une alimentation saine et \u00e9quilibr\u00e9e<\/strong><\/h2>\n\n\n\n<p>Je crois fermement que le plaisir de manger peut coexister avec une alimentation saine et \u00e9quilibr\u00e9e. En tant que di\u00e9t\u00e9ticienne, je suis une professionnelle de sant\u00e9 d\u00e9di\u00e9e \u00e0 votre bien-\u00eatre. Mon r\u00f4le est de vous guider vers des choix alimentaires qui nourrissent votre corps tout en respectant vos go\u00fbts et vos pr\u00e9f\u00e9rences.<\/p>\n<\/div><\/div>\n\n\n\n<div class=\"wp-block-media-text is-stacked-on-mobile\"><figure class=\"wp-block-media-text__media\"><img decoding=\"async\" width=\"1024\" height=\"1024\" src=\"https:\/\/www.vanessaguillou.fr\/wp-content\/uploads\/2024\/06\/e7ebaa3b-bb10-4bfe-9730-e7af310bcb79-1.jpg\" alt=\"\" class=\"wp-image-270 size-full\" srcset=\"https:\/\/www.vanessaguillou.fr\/wp-content\/uploads\/2024\/06\/e7ebaa3b-bb10-4bfe-9730-e7af310bcb79-1.jpg 1024w, https:\/\/www.vanessaguillou.fr\/wp-content\/uploads\/2024\/06\/e7ebaa3b-bb10-4bfe-9730-e7af310bcb79-1-300x300.jpg 300w, https:\/\/www.vanessaguillou.fr\/wp-content\/uploads\/2024\/06\/e7ebaa3b-bb10-4bfe-9730-e7af310bcb79-1-150x150.jpg 150w, https:\/\/www.vanessaguillou.fr\/wp-content\/uploads\/2024\/06\/e7ebaa3b-bb10-4bfe-9730-e7af310bcb79-1-768x768.jpg 768w, https:\/\/www.vanessaguillou.fr\/wp-content\/uploads\/2024\/06\/e7ebaa3b-bb10-4bfe-9730-e7af310bcb79-1-600x600.jpg 600w\" sizes=\"(max-width: 1024px) 100vw, 1024px\" \/><\/figure><div class=\"wp-block-media-text__content\">\n<h2 class=\"wp-block-heading\"><strong>Un engagement continu pour vous offrir le meilleur<\/strong><\/h2>\n\n\n\n<p>Je m&rsquo;engage \u00e0 me former continuellement chaque ann\u00e9e pour acqu\u00e9rir de nouvelles comp\u00e9tences, am\u00e9liorer celles existantes et diversifier mes prises en charge. Cette d\u00e9marche me permet de vous offrir des conseils \u00e0 jour et pertinents, adapt\u00e9s \u00e0 l&rsquo;\u00e9volution des connaissances en nutrition.<\/p>\n<\/div><\/div>\n\n\n\n<div class=\"wp-block-media-text is-stacked-on-mobile\"><figure class=\"wp-block-media-text__media\"><img loading=\"lazy\" decoding=\"async\" width=\"768\" height=\"768\" src=\"https:\/\/www.vanessaguillou.fr\/wp-content\/uploads\/2024\/08\/Ecoute.jpg\" alt=\"\" class=\"wp-image-349 size-full\" srcset=\"https:\/\/www.vanessaguillou.fr\/wp-content\/uploads\/2024\/08\/Ecoute.jpg 768w, https:\/\/www.vanessaguillou.fr\/wp-content\/uploads\/2024\/08\/Ecoute-300x300.jpg 300w, https:\/\/www.vanessaguillou.fr\/wp-content\/uploads\/2024\/08\/Ecoute-150x150.jpg 150w, https:\/\/www.vanessaguillou.fr\/wp-content\/uploads\/2024\/08\/Ecoute-600x600.jpg 600w\" sizes=\"(max-width: 768px) 100vw, 768px\" \/><\/figure><div class=\"wp-block-media-text__content\">\n<h2 class=\"wp-block-heading\"><strong>Une approche bienveillante et comportementale<\/strong><\/h2>\n\n\n\n<p>Je prends le temps de vous \u00e9couter attentivement.<\/p>\n\n\n\n<p>Mon but est de vous aider \u00e0 identifier les obstacles (\u00e9motions d\u00e9sagr\u00e9ables, pens\u00e9es n\u00e9gatives et limitantes), \u00e0 ajuster vos comportements avec vos valeurs et \u00e0 engager des actions qui ont du sens, en fonction du contexte et de l&rsquo;environnement.<\/p>\n<\/div><\/div>\n\n\n\n<p><\/p>\n","protected":false},"excerpt":{"rendered":"<p>Di\u00e9t\u00e9ticienne depuis 1999 Tout au long de ma carri\u00e8re, j\u2019ai acquis une exp\u00e9rience diversifi\u00e9e en travaillant avec des patients aux profils vari\u00e9s dans divers environnements : centre climatique sp\u00e9cialis\u00e9 dans l\u2019ob\u00e9sit\u00e9 infa<a href=\"https:\/\/www.vanessaguillou.fr\/index.php\/about-us\/\" data-type=\"page\" data-id=\"38\">Qui suis-je\u00a0?<\/a>ntile, comit\u00e9 d\u00e9partemental d\u2019\u00e9ducation pour la sant\u00e9, centre m\u00e9dico-sportif, centre cardio-vasculaire, h\u00f4pitaux, EHPAD, cliniques SSR et centre de r\u00e9\u00e9ducation fonctionnelle. Tr\u00e8s attach\u00e9e \u00e0 mes [\u2026]<\/p>\n","protected":false},"author":1,"featured_media":82,"parent":0,"menu_order":0,"comment_status":"closed","ping_status":"closed","template":"elementor_theme","meta":{"ocean_post_layout":"","ocean_both_sidebars_style":"","ocean_both_sidebars_content_width":0,"ocean_both_sidebars_sidebars_width":0,"ocean_sidebar":"","ocean_second_sidebar":"","ocean_disable_margins":"enable","ocean_add_body_class":"","ocean_shortcode_before_top_bar":"","ocean_shortcode_after_top_bar":"","ocean_shortcode_before_header":"","ocean_shortcode_after_header":"","ocean_has_shortcode":"","ocean_shortcode_after_title":"","ocean_shortcode_before_footer_widgets":"","ocean_shortcode_after_footer_widgets":"","ocean_shortcode_before_footer_bottom":"","ocean_shortcode_after_footer_bottom":"","ocean_display_top_bar":"default","ocean_display_header":"default","ocean_header_style":"","ocean_center_header_left_menu":"","ocean_custom_header_template":"","ocean_custom_logo":0,"ocean_custom_retina_logo":0,"ocean_custom_logo_max_width":0,"ocean_custom_logo_tablet_max_width":0,"ocean_custom_logo_mobile_max_width":0,"ocean_custom_logo_max_height":0,"ocean_custom_logo_tablet_max_height":0,"ocean_custom_logo_mobile_max_height":0,"ocean_header_custom_menu":"","ocean_menu_typo_font_family":"","ocean_menu_typo_font_subset":"","ocean_menu_typo_font_size":0,"ocean_menu_typo_font_size_tablet":0,"ocean_menu_typo_font_size_mobile":0,"ocean_menu_typo_font_size_unit":"px","ocean_menu_typo_font_weight":"","ocean_menu_typo_font_weight_tablet":"","ocean_menu_typo_font_weight_mobile":"","ocean_menu_typo_transform":"","ocean_menu_typo_transform_tablet":"","ocean_menu_typo_transform_mobile":"","ocean_menu_typo_line_height":0,"ocean_menu_typo_line_height_tablet":0,"ocean_menu_typo_line_height_mobile":0,"ocean_menu_typo_line_height_unit":"","ocean_menu_typo_spacing":0,"ocean_menu_typo_spacing_tablet":0,"ocean_menu_typo_spacing_mobile":0,"ocean_menu_typo_spacing_unit":"","ocean_menu_link_color":"","ocean_menu_link_color_hover":"","ocean_menu_link_color_active":"","ocean_menu_link_background":"","ocean_menu_link_hover_background":"","ocean_menu_link_active_background":"","ocean_menu_social_links_bg":"","ocean_menu_social_hover_links_bg":"","ocean_menu_social_links_color":"","ocean_menu_social_hover_links_color":"","ocean_disable_title":"default","ocean_disable_heading":"default","ocean_post_title":"","ocean_post_subheading":"","ocean_post_title_style":"","ocean_post_title_background_color":"","ocean_post_title_background":0,"ocean_post_title_bg_image_position":"","ocean_post_title_bg_image_attachment":"","ocean_post_title_bg_image_repeat":"","ocean_post_title_bg_image_size":"","ocean_post_title_height":0,"ocean_post_title_bg_overlay":0.5,"ocean_post_title_bg_overlay_color":"","ocean_disable_breadcrumbs":"default","ocean_breadcrumbs_color":"","ocean_breadcrumbs_separator_color":"","ocean_breadcrumbs_links_color":"","ocean_breadcrumbs_links_hover_color":"","ocean_display_footer_widgets":"default","ocean_display_footer_bottom":"default","ocean_custom_footer_template":"","footnotes":""},"class_list":["post-50","page","type-page","status-publish","has-post-thumbnail","hentry","entry","has-media"],"yoast_head":"<!-- This site is optimized with the Yoast SEO plugin v26.2 - https:\/\/yoast.com\/wordpress\/plugins\/seo\/ -->\n<title>Vanessa GUILLOU - Di\u00e9t\u00e9ticienne Nutritionniste - Cap Sizun<\/title>\n<meta name=\"description\" content=\"Di\u00e9t\u00e9ticienne DE \u00e0 Plouhinec (29). Approche psycho-comportementale : th\u00e9rapie d&#039;acceptation et d&#039;engagement, pleine conscience, hypnose appliqu\u00e9e \u00e0 la nutrition. Form\u00e9e \u00e0 la DME (diversification men\u00e9e par l&#039;enfant). Consultation en cabinet, \u00e0 domicile ou en ligne. Ateliers de groupe. Intervention en entreprise (journ\u00e9e d&#039;int\u00e9gration, QVT...), en milieu scolaire et associatif : \u00e9ducation \u00e0 la sant\u00e9. Formation aux professionnels.\" \/>\n<meta name=\"robots\" content=\"index, follow, max-snippet:-1, max-image-preview:large, max-video-preview:-1\" \/>\n<link rel=\"canonical\" href=\"https:\/\/www.vanessaguillou.fr\/\" \/>\n<meta property=\"og:locale\" content=\"fr_FR\" \/>\n<meta property=\"og:type\" content=\"article\" \/>\n<meta property=\"og:title\" content=\"Vanessa GUILLOU - Di\u00e9t\u00e9ticienne Nutritionniste - Cap Sizun\" \/>\n<meta property=\"og:description\" content=\"Di\u00e9t\u00e9ticienne DE \u00e0 Plouhinec (29). Approche psycho-comportementale : th\u00e9rapie d&#039;acceptation et d&#039;engagement, pleine conscience, hypnose appliqu\u00e9e \u00e0 la nutrition. Form\u00e9e \u00e0 la DME (diversification men\u00e9e par l&#039;enfant). Consultation en cabinet, \u00e0 domicile ou en ligne. Ateliers de groupe. Intervention en entreprise (journ\u00e9e d&#039;int\u00e9gration, QVT...), en milieu scolaire et associatif : \u00e9ducation \u00e0 la sant\u00e9. Formation aux professionnels.\" \/>\n<meta property=\"og:url\" content=\"https:\/\/www.vanessaguillou.fr\/\" \/>\n<meta property=\"og:site_name\" content=\"Vanessa Guillou\" \/>\n<meta property=\"article:publisher\" content=\"https:\/\/www.facebook.com\/VanessaGuillouDieteticienneNutritionniste\" \/>\n<meta property=\"article:modified_time\" content=\"2024-09-02T14:27:41+00:00\" \/>\n<meta property=\"og:image\" content=\"https:\/\/www.vanessaguillou.fr\/wp-content\/uploads\/2024\/05\/cropped-icone_site.png\" \/>\n\t<meta property=\"og:image:width\" content=\"512\" \/>\n\t<meta property=\"og:image:height\" content=\"512\" \/>\n\t<meta property=\"og:image:type\" content=\"image\/png\" \/>\n<meta name=\"twitter:card\" content=\"summary_large_image\" \/>\n<meta name=\"twitter:label1\" content=\"Dur\u00e9e de lecture estim\u00e9e\" \/>\n\t<meta name=\"twitter:data1\" content=\"3 minutes\" \/>\n<script type=\"application\/ld+json\" class=\"yoast-schema-graph\">{\"@context\":\"https:\/\/schema.org\",\"@graph\":[{\"@type\":\"WebPage\",\"@id\":\"https:\/\/www.vanessaguillou.fr\/\",\"url\":\"https:\/\/www.vanessaguillou.fr\/\",\"name\":\"Vanessa GUILLOU - Di\u00e9t\u00e9ticienne Nutritionniste - Cap Sizun\",\"isPartOf\":{\"@id\":\"https:\/\/www.vanessaguillou.fr\/#website\"},\"primaryImageOfPage\":{\"@id\":\"https:\/\/www.vanessaguillou.fr\/#primaryimage\"},\"image\":{\"@id\":\"https:\/\/www.vanessaguillou.fr\/#primaryimage\"},\"thumbnailUrl\":\"https:\/\/www.vanessaguillou.fr\/wp-content\/uploads\/2024\/05\/cropped-icone_site.png\",\"datePublished\":\"2024-05-14T07:16:57+00:00\",\"dateModified\":\"2024-09-02T14:27:41+00:00\",\"description\":\"Di\u00e9t\u00e9ticienne DE \u00e0 Plouhinec (29). Approche psycho-comportementale : th\u00e9rapie d'acceptation et d'engagement, pleine conscience, hypnose appliqu\u00e9e \u00e0 la nutrition. Form\u00e9e \u00e0 la DME (diversification men\u00e9e par l'enfant). Consultation en cabinet, \u00e0 domicile ou en ligne. Ateliers de groupe. Intervention en entreprise (journ\u00e9e d'int\u00e9gration, QVT...), en milieu scolaire et associatif : \u00e9ducation \u00e0 la sant\u00e9. Formation aux professionnels.\",\"breadcrumb\":{\"@id\":\"https:\/\/www.vanessaguillou.fr\/#breadcrumb\"},\"inLanguage\":\"fr-FR\",\"potentialAction\":[{\"@type\":\"ReadAction\",\"target\":[\"https:\/\/www.vanessaguillou.fr\/\"]}]},{\"@type\":\"ImageObject\",\"inLanguage\":\"fr-FR\",\"@id\":\"https:\/\/www.vanessaguillou.fr\/#primaryimage\",\"url\":\"https:\/\/www.vanessaguillou.fr\/wp-content\/uploads\/2024\/05\/cropped-icone_site.png\",\"contentUrl\":\"https:\/\/www.vanessaguillou.fr\/wp-content\/uploads\/2024\/05\/cropped-icone_site.png\",\"width\":512,\"height\":512},{\"@type\":\"BreadcrumbList\",\"@id\":\"https:\/\/www.vanessaguillou.fr\/#breadcrumb\",\"itemListElement\":[{\"@type\":\"ListItem\",\"position\":1,\"name\":\"Accueil\",\"item\":\"https:\/\/www.vanessaguillou.fr\/\"},{\"@type\":\"ListItem\",\"position\":2,\"name\":\"Accueil\"}]},{\"@type\":\"WebSite\",\"@id\":\"https:\/\/www.vanessaguillou.fr\/#website\",\"url\":\"https:\/\/www.vanessaguillou.fr\/\",\"name\":\"Vanessa Guillou, Di\u00e9t\u00e9ticienne nutrionniste\",\"description\":\"Di\u00e9t\u00e9ticienne nutrionniste \u00e0 Plouhinec, Cap Sizun, Finist\u00e8re\",\"publisher\":{\"@id\":\"https:\/\/www.vanessaguillou.fr\/#organization\"},\"alternateName\":\"Vanessa Guillou\",\"potentialAction\":[{\"@type\":\"SearchAction\",\"target\":{\"@type\":\"EntryPoint\",\"urlTemplate\":\"https:\/\/www.vanessaguillou.fr\/?s={search_term_string}\"},\"query-input\":{\"@type\":\"PropertyValueSpecification\",\"valueRequired\":true,\"valueName\":\"search_term_string\"}}],\"inLanguage\":\"fr-FR\"},{\"@type\":\"Organization\",\"@id\":\"https:\/\/www.vanessaguillou.fr\/#organization\",\"name\":\"Vanessa Guillou di\u00e9t\u00e9ticienne nutritionniste\",\"alternateName\":\"Vanessa Guillou Diet 29\",\"url\":\"https:\/\/www.vanessaguillou.fr\/\",\"logo\":{\"@type\":\"ImageObject\",\"inLanguage\":\"fr-FR\",\"@id\":\"https:\/\/www.vanessaguillou.fr\/#\/schema\/logo\/image\/\",\"url\":\"https:\/\/www.vanessaguillou.fr\/wp-content\/uploads\/2024\/07\/cropped-LOGO-rectangle-avec-Titre-scaled-1.jpg\",\"contentUrl\":\"https:\/\/www.vanessaguillou.fr\/wp-content\/uploads\/2024\/07\/cropped-LOGO-rectangle-avec-Titre-scaled-1.jpg\",\"width\":2559,\"height\":702,\"caption\":\"Vanessa Guillou di\u00e9t\u00e9ticienne nutritionniste\"},\"image\":{\"@id\":\"https:\/\/www.vanessaguillou.fr\/#\/schema\/logo\/image\/\"},\"sameAs\":[\"https:\/\/www.facebook.com\/VanessaGuillouDieteticienneNutritionniste\"]}]}<\/script>\n<!-- \/ Yoast SEO plugin. -->","yoast_head_json":{"title":"Vanessa GUILLOU - Di\u00e9t\u00e9ticienne Nutritionniste - Cap Sizun","description":"Di\u00e9t\u00e9ticienne DE \u00e0 Plouhinec (29). Approche psycho-comportementale : th\u00e9rapie d'acceptation et d'engagement, pleine conscience, hypnose appliqu\u00e9e \u00e0 la nutrition. Form\u00e9e \u00e0 la DME (diversification men\u00e9e par l'enfant). Consultation en cabinet, \u00e0 domicile ou en ligne. Ateliers de groupe. Intervention en entreprise (journ\u00e9e d'int\u00e9gration, QVT...), en milieu scolaire et associatif : \u00e9ducation \u00e0 la sant\u00e9. Formation aux professionnels.","robots":{"index":"index","follow":"follow","max-snippet":"max-snippet:-1","max-image-preview":"max-image-preview:large","max-video-preview":"max-video-preview:-1"},"canonical":"https:\/\/www.vanessaguillou.fr\/","og_locale":"fr_FR","og_type":"article","og_title":"Vanessa GUILLOU - Di\u00e9t\u00e9ticienne Nutritionniste - Cap Sizun","og_description":"Di\u00e9t\u00e9ticienne DE \u00e0 Plouhinec (29). Approche psycho-comportementale : th\u00e9rapie d'acceptation et d'engagement, pleine conscience, hypnose appliqu\u00e9e \u00e0 la nutrition. Form\u00e9e \u00e0 la DME (diversification men\u00e9e par l'enfant). Consultation en cabinet, \u00e0 domicile ou en ligne. Ateliers de groupe. Intervention en entreprise (journ\u00e9e d'int\u00e9gration, QVT...), en milieu scolaire et associatif : \u00e9ducation \u00e0 la sant\u00e9. Formation aux professionnels.","og_url":"https:\/\/www.vanessaguillou.fr\/","og_site_name":"Vanessa Guillou","article_publisher":"https:\/\/www.facebook.com\/VanessaGuillouDieteticienneNutritionniste","article_modified_time":"2024-09-02T14:27:41+00:00","og_image":[{"width":512,"height":512,"url":"https:\/\/www.vanessaguillou.fr\/wp-content\/uploads\/2024\/05\/cropped-icone_site.png","type":"image\/png"}],"twitter_card":"summary_large_image","twitter_misc":{"Dur\u00e9e de lecture estim\u00e9e":"3 minutes"},"schema":{"@context":"https:\/\/schema.org","@graph":[{"@type":"WebPage","@id":"https:\/\/www.vanessaguillou.fr\/","url":"https:\/\/www.vanessaguillou.fr\/","name":"Vanessa GUILLOU - Di\u00e9t\u00e9ticienne Nutritionniste - Cap Sizun","isPartOf":{"@id":"https:\/\/www.vanessaguillou.fr\/#website"},"primaryImageOfPage":{"@id":"https:\/\/www.vanessaguillou.fr\/#primaryimage"},"image":{"@id":"https:\/\/www.vanessaguillou.fr\/#primaryimage"},"thumbnailUrl":"https:\/\/www.vanessaguillou.fr\/wp-content\/uploads\/2024\/05\/cropped-icone_site.png","datePublished":"2024-05-14T07:16:57+00:00","dateModified":"2024-09-02T14:27:41+00:00","description":"Di\u00e9t\u00e9ticienne DE \u00e0 Plouhinec (29). Approche psycho-comportementale : th\u00e9rapie d'acceptation et d'engagement, pleine conscience, hypnose appliqu\u00e9e \u00e0 la nutrition. Form\u00e9e \u00e0 la DME (diversification men\u00e9e par l'enfant). Consultation en cabinet, \u00e0 domicile ou en ligne. Ateliers de groupe. Intervention en entreprise (journ\u00e9e d'int\u00e9gration, QVT...), en milieu scolaire et associatif : \u00e9ducation \u00e0 la sant\u00e9. Formation aux professionnels.","breadcrumb":{"@id":"https:\/\/www.vanessaguillou.fr\/#breadcrumb"},"inLanguage":"fr-FR","potentialAction":[{"@type":"ReadAction","target":["https:\/\/www.vanessaguillou.fr\/"]}]},{"@type":"ImageObject","inLanguage":"fr-FR","@id":"https:\/\/www.vanessaguillou.fr\/#primaryimage","url":"https:\/\/www.vanessaguillou.fr\/wp-content\/uploads\/2024\/05\/cropped-icone_site.png","contentUrl":"https:\/\/www.vanessaguillou.fr\/wp-content\/uploads\/2024\/05\/cropped-icone_site.png","width":512,"height":512},{"@type":"BreadcrumbList","@id":"https:\/\/www.vanessaguillou.fr\/#breadcrumb","itemListElement":[{"@type":"ListItem","position":1,"name":"Accueil","item":"https:\/\/www.vanessaguillou.fr\/"},{"@type":"ListItem","position":2,"name":"Accueil"}]},{"@type":"WebSite","@id":"https:\/\/www.vanessaguillou.fr\/#website","url":"https:\/\/www.vanessaguillou.fr\/","name":"Vanessa Guillou, Di\u00e9t\u00e9ticienne nutrionniste","description":"Di\u00e9t\u00e9ticienne nutrionniste \u00e0 Plouhinec, Cap Sizun, Finist\u00e8re","publisher":{"@id":"https:\/\/www.vanessaguillou.fr\/#organization"},"alternateName":"Vanessa Guillou","potentialAction":[{"@type":"SearchAction","target":{"@type":"EntryPoint","urlTemplate":"https:\/\/www.vanessaguillou.fr\/?s={search_term_string}"},"query-input":{"@type":"PropertyValueSpecification","valueRequired":true,"valueName":"search_term_string"}}],"inLanguage":"fr-FR"},{"@type":"Organization","@id":"https:\/\/www.vanessaguillou.fr\/#organization","name":"Vanessa Guillou di\u00e9t\u00e9ticienne nutritionniste","alternateName":"Vanessa Guillou Diet 29","url":"https:\/\/www.vanessaguillou.fr\/","logo":{"@type":"ImageObject","inLanguage":"fr-FR","@id":"https:\/\/www.vanessaguillou.fr\/#\/schema\/logo\/image\/","url":"https:\/\/www.vanessaguillou.fr\/wp-content\/uploads\/2024\/07\/cropped-LOGO-rectangle-avec-Titre-scaled-1.jpg","contentUrl":"https:\/\/www.vanessaguillou.fr\/wp-content\/uploads\/2024\/07\/cropped-LOGO-rectangle-avec-Titre-scaled-1.jpg","width":2559,"height":702,"caption":"Vanessa Guillou di\u00e9t\u00e9ticienne nutritionniste"},"image":{"@id":"https:\/\/www.vanessaguillou.fr\/#\/schema\/logo\/image\/"},"sameAs":["https:\/\/www.facebook.com\/VanessaGuillouDieteticienneNutritionniste"]}]}},"jetpack_sharing_enabled":true,"_links":{"self":[{"href":"https:\/\/www.vanessaguillou.fr\/index.php\/wp-json\/wp\/v2\/pages\/50","targetHints":{"allow":["GET"]}}],"collection":[{"href":"https:\/\/www.vanessaguillou.fr\/index.php\/wp-json\/wp\/v2\/pages"}],"about":[{"href":"https:\/\/www.vanessaguillou.fr\/index.php\/wp-json\/wp\/v2\/types\/page"}],"author":[{"embeddable":true,"href":"https:\/\/www.vanessaguillou.fr\/index.php\/wp-json\/wp\/v2\/users\/1"}],"replies":[{"embeddable":true,"href":"https:\/\/www.vanessaguillou.fr\/index.php\/wp-json\/wp\/v2\/comments?post=50"}],"version-history":[{"count":54,"href":"https:\/\/www.vanessaguillou.fr\/index.php\/wp-json\/wp\/v2\/pages\/50\/revisions"}],"predecessor-version":[{"id":376,"href":"https:\/\/www.vanessaguillou.fr\/index.php\/wp-json\/wp\/v2\/pages\/50\/revisions\/376"}],"wp:featuredmedia":[{"embeddable":true,"href":"https:\/\/www.vanessaguillou.fr\/index.php\/wp-json\/wp\/v2\/media\/82"}],"wp:attachment":[{"href":"https:\/\/www.vanessaguillou.fr\/index.php\/wp-json\/wp\/v2\/media?parent=50"}],"curies":[{"name":"wp","href":"https:\/\/api.w.org\/{rel}","templated":true}]}}